{"id":31,"date":"2021-03-30T23:05:56","date_gmt":"2021-03-30T23:05:56","guid":{"rendered":"https:\/\/cocatamarca.com.ar\/web\/?page_id=31"},"modified":"2025-09-03T07:35:13","modified_gmt":"2025-09-03T11:35:13","slug":"acerca-de","status":"publish","type":"page","link":"https:\/\/cocatamarca.com.ar\/web\/acerca-de\/","title":{"rendered":"Acerca de"},"content":{"rendered":"\n<div id=\"section-gcfebe0\" class=\"wp-block-gutentor-e6 section-gcfebe0 gutentor-element gutentor-element-image text-align-center-desktop\"><div class=\"gutentor-element-image-box\"><div class=\"gutentor-image-thumb\"><img decoding=\"async\" class=\"normal-image\" src=\"https:\/\/cocatamarca.com.ar\/web\/wp-content\/uploads\/2021\/03\/coc1.jpg\"\/><\/div><\/div><\/div>\n\n\n\n<div id=\"section-g95f7f9\" class=\"wp-block-gutentor-e1 section-g95f7f9 gutentor-element gutentor-element-advanced-text text-align-justify-desktop\"><div class=\"gutentor-text-wrap\"><p class=\"gutentor-text\"> El <strong>C\u00edrculo Odontol\u00f3gico de Catamarca<\/strong> naci\u00f3 como una idea de un grupo de odont\u00f3logos visionarios y comprometidos con el servicio a la comunidad quienes vieron la conveniencia de crear un centro que estudie y solucione los problemas de la Odontolog\u00eda en la provincia. De esta manera, a iniciativa de un pu\u00f1ado de pioneros, por unanimidad se resolvieron cear el C\u00edrculo Odontologico de Catamarca y nombrar una Comisi\u00f3n Directiva que lo represente. Fue el 12 de junio de 1945 a las veinte horas, en el local de la Direcci\u00f3n de Salubridad Provincial, que funcionaba en calle Prado 301.<br><br>Aquellos socios fundadores fueron los doctores <strong>Bernardo Schaeffer<\/strong> (elegido primer presidente), <strong>Carlos Chueca, Alfonso Martinez<\/strong>, <strong>Luis Bolomo, Horacio Quiroga Valdez, Salvador Bellav\u00eda<\/strong> y la infaltable presencia femenina con las doctoras<strong> Mar\u00eda del Valle Jim\u00e9nez, Fany Zepe\u00f1uy Federica de Dom\u00ednguez.<\/strong><br><br>Desde entonces, las actividades de nuestra instituci\u00f3n fueron en franco crecimiento hasta el presente, pasando por diferentes etapas desde la adquisici\u00f3n de la sede social en el actual edificio de calle Jun\u00edn durante la presidencia del Dr. Jorge Ra\u00fal De la Cuesta.<br><br>Las actividades sociales y deportivas tambi\u00e9n son instancias privilegiadas en la historia de la instituci\u00f3n como la organizaci\u00f3n de brillantes jornadas aniversario y olimpiadas regionales, que permiten afianzar los lazos con colegas de diferentes provincias. Desde octubre de 1989, el centro de estas actividades es el predio del Club Odontol\u00f3gico ubicado en San Isidro, en la margen oriental del R\u00edo del Valle.<br><br>Con la incorporaci\u00f3n de la Escuela de Posgrado en mayo de 1993 la capacitaci\u00f3n se fortaleci\u00f3 commo uno de los pilares fundamentales de la instituci\u00f3n iniciando un per\u00edodo de franco crecimiento en el campo cient\u00edfico, que permite a la masa societaria adquirir las necesarias actualizaciones en los distintos campos de la Odontolog\u00eda para brindar un servicio de excelencia al paciente.<br><br>La profunda refuncionalizaci\u00f3n realizada en la sede social a fines de los `90 adecu\u00e1 estructura a las exigentes demandas actuales, con mayor ingreso de socios y una prestaci\u00f3n de servicios informatizada, m\u00e1s compleja y completa.<br><br>La labor comunitaria en distintos puntos de la provincia es otro de los aspectos que distinguen a la instituci\u00f3n que en 80 a\u00f1os de vida institucional se gan\u00f3 merecido espacio en la consideraci\u00f3n social, profesional e institucional de la provincia.<br>Por la excelencia institucional y trayectoria, actualmente podemos decir con orgullo que nuestro C\u00edrculo es considerado como uno de los m\u00e1s importantes del pa\u00eds. <\/p><\/div><\/div>\n\n\n\n<p><\/p>\n","protected":false},"excerpt":{"rendered":"","protected":false},"author":1,"featured_media":0,"parent":0,"menu_order":0,"comment_status":"closed","ping_status":"closed","template":"","meta":{"_eb_attr":"","pagelayer_contact_templates":[],"_pagelayer_content":"","_mc_calendar":[],"footnotes":""},"class_list":["post-31","page","type-page","status-publish","hentry"],"_links":{"self":[{"href":"https:\/\/cocatamarca.com.ar\/web\/wp-json\/wp\/v2\/pages\/31","targetHints":{"allow":["GET"]}}],"collection":[{"href":"https:\/\/cocatamarca.com.ar\/web\/wp-json\/wp\/v2\/pages"}],"about":[{"href":"https:\/\/cocatamarca.com.ar\/web\/wp-json\/wp\/v2\/types\/page"}],"author":[{"embeddable":true,"href":"https:\/\/cocatamarca.com.ar\/web\/wp-json\/wp\/v2\/users\/1"}],"replies":[{"embeddable":true,"href":"https:\/\/cocatamarca.com.ar\/web\/wp-json\/wp\/v2\/comments?post=31"}],"version-history":[{"count":6,"href":"https:\/\/cocatamarca.com.ar\/web\/wp-json\/wp\/v2\/pages\/31\/revisions"}],"predecessor-version":[{"id":433,"href":"https:\/\/cocatamarca.com.ar\/web\/wp-json\/wp\/v2\/pages\/31\/revisions\/433"}],"wp:attachment":[{"href":"https:\/\/cocatamarca.com.ar\/web\/wp-json\/wp\/v2\/media?parent=31"}],"curies":[{"name":"wp","href":"https:\/\/api.w.org\/{rel}","templated":true}]}}